{"id":114,"date":"2019-03-06T17:06:52","date_gmt":"2019-03-06T17:06:52","guid":{"rendered":"https:\/\/grandlodge-albania.org\/?page_id=114"},"modified":"2019-03-18T09:46:41","modified_gmt":"2019-03-18T09:46:41","slug":"konferenca-e-mjeshtrave-te-medhenj-te-amerikes-veriore","status":"publish","type":"page","link":"https:\/\/grandlodge-albania.org\/index.php\/konferenca-e-mjeshtrave-te-medhenj-te-amerikes-veriore\/","title":{"rendered":"Konferenca e  Mjeshtrave te Medhenj te Amerikes Veriore"},"content":{"rendered":"\n<p>Nga datat 16-19 Shkurt 2019 delegacioni i Lozh\u00ebs s\u00eb Madhe t\u00eb Shqip\u00ebris\u00eb, i prir\u00eb nga Mjeshtri i Madh Piro Dode mori pjes\u00eb n\u00eb Konferenc\u00ebn e Mjeshtrave t\u00eb M\u00ebdhenj t\u00eb Lozhave t\u00eb M\u00ebdha t\u00eb Amerikes Veriore. P\u00ebrvec an\u00ebtareve, n\u00eb Konferenc\u00eb mor\u00ebn pjes\u00eb dhe delegacione nga Meksika, vendet e Amerikes Latine, Afrika e Polinezia. Nga vendet e Europes ishin t\u00eb pranish\u00ebm delegacione t\u00eb Lozhave t\u00eb M\u00ebdha t\u00eb Spanjes, Gjermanis\u00eb, Bullgaris\u00eb, Serbis\u00eb, Shqip\u00ebris\u00eb, Gjeorgjis\u00eb. Konferenca i zhvilloi punimet n\u00eb seanca plenare por dhe n\u00eb komisione.&nbsp;<\/p>\n\n\n\n<p>Gjat\u00eb punimeve n\u00eb Konferenc\u00eb u trajtuan \u00e7\u00ebshtje t\u00eb brendshme t\u00eb Lozhave t\u00eb M\u00ebdha t\u00eb Amerikes Veriore por dhe parimet p\u00ebr njohjen e Lozhave t\u00eb tjera t\u00eb M\u00ebdha n\u00eb t\u00eb gjith\u00eb bot\u00ebn.&nbsp;<\/p>\n\n\n\n<p>Delegacioni i Lozh\u00ebs s\u00eb Madhe t\u00eb Shqip\u00ebris\u00eb u prit shum\u00eb ngroht\u00ebsisht nga Sekretari Ekzekutiv i Konferenc\u00ebs, v\u00ebllai Michael A. DeWolf, me t\u00eb cilin u b\u00ebn\u00eb biseda miq\u00ebsore. V\u00ebllai M. DeWolf e mir\u00ebpriti ftes\u00ebn e b\u00ebr\u00eb nga MM i Lozh\u00ebs s\u00eb Madhe t\u00eb Shqip\u00ebris\u00eb p\u00ebr t\u00eb ma rr\u00eb pjes\u00eb n\u00eb punimet vjetore tv LMSH n\u00eb dat\u00ebn 28 Shtator 2019 n\u00eb Tiran\u00eb.&nbsp;<\/p>\n\n\n\n<p>Gjat\u00eb punimeve t\u00eb Konferences MM i LMSH mori takime e zhvilloi bisedime miq\u00ebsore me MM t\u00eb Lozhave t\u00eb M\u00ebdha t\u00eb New Yorkut, v\u00ebllain William M. Sardone, t\u00eb Lozh\u00ebs s\u00eb Madhe t\u00eb Dakot\u00ebs s\u00eb Jugut v\u00ebllain DaNiel D, Wood, t\u00eb Lozh\u00ebs s\u00eb Madhe t\u00eb Alaskes v\u00ebllain John D.May, t\u00eb Lozh\u00ebs s\u00eb Madhe t\u00eb Albert\u00ebs v\u00ebllain Kenn Culbertson, t\u00eb Lozh\u00ebs s\u00eb Madhe t\u00eb Carolin\u00ebs s\u00eb Jugut v\u00ebllain Michael D.Smith, t\u00eb Lozh\u00ebs s\u00eb Madhe t\u00eb New Mexico v\u00ebllain Adam L, Hathaway, t\u00eb Lozh\u00ebs s\u00eb Madhe t\u00eb Distriktit Columbia v\u00ebllain Charbel T Fahed, t\u00eb Lozh\u00ebs s\u00eb Madhe t\u00eb Indian\u00ebs v\u00ebllain Carl E. Culman, t\u00eb Lozh\u00ebs s\u00eb Madhe t\u00eb Manitobas v\u00ebllain Andy Mclennan, t\u00eb Lozh\u00ebs s\u00eb Madhe t\u00eb Colorados v\u00ebllain David Coberly, Bisedime miq\u00ebsore u zhvilluan dhe me p\u00ebrfaq\u00ebsues t\u00eb Lozhave t\u00eb M\u00ebdha t\u00eb Misurit e t\u00eb Kentucky.&nbsp;<\/p>\n\n\n\n<p>MM i LMSH pati biseda t\u00eb p\u00ebrzem\u00ebrta e miq\u00ebsore me MM t\u00eb Lozh\u00ebs s\u00eb Madhe t\u00eb Spanjes e nj\u00ebkoh\u00ebsisht Sekretar i Konferenc\u00ebs Bot\u00ebrore t\u00eb Lozhave t\u00eb M\u00ebdha v\u00ebllain Oscar de Alfonso Ortega, i cili shprehu mb\u00ebshtetjen e tij t\u00eb plot\u00eb p\u00ebr LMSH dhe shprehu gatishmerin\u00eb e tij p\u00ebr t\u00eb qen\u00eb garant n\u00eb shtimin e njohjeve t\u00eb LMSH. Kjo gatishm\u00ebri u konkretizua n\u00eb takimet e b\u00ebra me Lozhat e M\u00ebdha t\u00eb Amerik\u00ebs s\u00eb Juguy dhe me Lozhat e M\u00ebdha t\u00eb Meksik\u00ebs. V\u00ebllai Oscar de Alfonso Ortega e siguroi MM t\u00eb LMSH p\u00ebr pranin\u00eb e tij n\u00eb punimet e LMSH n\u00eb dat\u00ebn 28 Shtator 2019 n\u00eb Tiran\u00eb. MM i LMSH pati nj\u00eb takim miq\u00ebsor edhe me Zv\/Mjeshtrin e Madh t\u00eb Lozh\u00ebs s\u00eb Madhe Amerikano Kanadeze t\u00eb Gjermanis\u00eb v\u00ebllain Jan E.Savarino. V\u00ebllai Jan E. Savarino e ftoi Lozh\u00ebn e Madhe t\u00eb Shqip\u00ebris\u00eb t\u00eb marr\u00eb pjes\u00eb n\u00eb ceremonin\u00eb e fron\u00ebzimit t\u00eb tij si Mjesht\u00ebr i Madh i k\u00ebsaj Lozhe n\u00eb dat\u00ebn 05 Prill 2019.&nbsp;<\/p>\n\n\n\n<p>Mjeshtri I Madh i LMSH pati takime shum\u00eb miq\u00ebsore me disa Lozha t\u00eb M\u00ebdha t\u00eb Brazilit, Meksikes, Paraguejit, Uruguajit, Togos, Tahitit. Me Lozhat e M\u00ebdha t\u00eb Mexikes e Brazilit bisedimet u p\u00ebrqendruan n\u00eb nj\u00eb bashk\u00ebpunim me t\u00eb ngusht\u00eb dhe n\u00eb shk\u00ebmbimin e vizitave reciproke si dhe n\u00eb shtimin e njohjes nga Lozhat e tjera t\u00eb M\u00ebdha&nbsp;<\/p>\n\n\n\n<p>t\u00eb k\u00ebtyre vendeve. Me delegacionet e Lozhave t\u00eb M\u00ebdha te Paraguajit, Togos e Tahitit u diskutua lidhur me vendosjen e njohjeve reciproke.&nbsp;<\/p>\n\n\n\n<p>Delegacioni i LMSH mori pjes\u00eb si d\u00ebgjues edhe n\u00eb nj\u00eb seanc\u00eb t\u00eb Komisionit t\u00eb Njohjeve t\u00eb Konferenc\u00ebs. Ky Komision shqyrtoi problemet nd\u00ebrmjet dy Lozhave t\u00eb M\u00ebdha t\u00eb Paraguajit si dhe d\u00ebgjoi nj\u00eb informim lidhur me krijimin e Lozh\u00ebs s\u00eb Madhe t\u00eb Bashkuar t\u00eb Gjeorgjis\u00eb. P\u00ebrfundimet e Komisionit t\u00eb Njohjeve u dhan\u00eb n\u00eb form\u00ebn e parimeve sipas t\u00eb cilave duhet t\u00eb njihen Lozhat e M\u00ebdha t\u00eb sapokrijuara. P\u00ebrfundimet e Komisioniit t\u00eb Njohjeve do t\u00eb botohen n\u00eb Raportin Zyrtar t\u00eb Konferenc\u00ebs.&nbsp;<\/p>\n\n\n\n<p>Delegacioni i LMSH pati takime me MM t\u00eb Lozhave t\u00eb M\u00ebdha t\u00eb Bullgaris\u00eb, pasi n\u00eb Konferenc\u00eb Bullgaria p\u00ebrfaq\u00ebsohej nga tre Lozha t\u00eb M\u00ebdha, nga t\u00eb cilat vet\u00ebm njera \u00ebsht\u00eb Lozha e Madhe e Rregullt\u00eb e Bullgarise. Dy Lozhat e tjera t\u00eb M\u00ebdha kan\u00eb b\u00ebr\u00eb p\u00ebrpjekje p\u00ebr njohje dhe kan\u00eb arritur t\u00eb marrin njohjen nga ndonj\u00eb Lozh\u00eb e Madhe edhe n\u00eb Ameriken e Veriut. Sipas tyre problem i njohjes s\u00eb k\u00ebtyre dy Lozhave t\u00eb M\u00ebdha, q\u00eb veprojn\u00eb edhe s\u00eb bashku, do t\u00eb shqyrtohet n\u00eb Komisionin e Njohjeve t\u00eb Konferenc\u00ebs s\u00eb Mjeshtrave t\u00eb M\u00ebdhenj t\u00eb Amerik\u00ebs s\u00eb Veriut n\u00eb vitin 2020.&nbsp;<\/p>\n\n\n\n<p>Nj\u00eb takim u zhvillua edhe me Mjeshtrin e madh t\u00eb Lozh\u00ebs s\u00eb Madhe t\u00eb Bashkuar t\u00eb Gjeorgjis\u00eb. Ky i fundit e informoi MM t\u00eb LMSH lidhur me krijimin e Lozh\u00ebs s\u00eb Madhe t\u00eb Bashkuar t\u00eb Gjeorgjis\u00eb dhe mbylljen e veprimtaris\u00eb s\u00eb Lozh\u00ebs s\u00eb Madhe t\u00eb m\u00ebpar\u00ebshme..&nbsp;<\/p>\n\n\n\n<p>MM i LMSH u takua edhe me MM t\u00eb Lozh\u00ebs s\u00eb Madhe t\u00eb Serbis\u00eb dhe n\u00eb dy raste i k\u00ebrkoi t\u00eb bisedonin lidhur me marr\u00ebdh\u00ebniet reciproke. K\u00ebrkesa n\u00eb t\u00eb dy rastet u pranua por p\u00ebr shkaqe t\u00eb pa shpieguara nga pala serbe, takimet nuk u realizuan.<\/p>\n\n\n\n<figure class=\"wp-block-image\"><img loading=\"lazy\" decoding=\"async\" width=\"1024\" height=\"556\" src=\"https:\/\/grandlodge-albania.org\/wp-content\/uploads\/2019\/03\/WhatsApp-Image-2019-03-04-at-13.09.30-4-1024x556.jpeg\" alt=\"\" class=\"wp-image-163\" srcset=\"https:\/\/grandlodge-albania.org\/wp-content\/uploads\/2019\/03\/WhatsApp-Image-2019-03-04-at-13.09.30-4-1024x556.jpeg 1024w, https:\/\/grandlodge-albania.org\/wp-content\/uploads\/2019\/03\/WhatsApp-Image-2019-03-04-at-13.09.30-4-300x163.jpeg 300w, https:\/\/grandlodge-albania.org\/wp-content\/uploads\/2019\/03\/WhatsApp-Image-2019-03-04-at-13.09.30-4-768x417.jpeg 768w, https:\/\/grandlodge-albania.org\/wp-content\/uploads\/2019\/03\/WhatsApp-Image-2019-03-04-at-13.09.30-4.jpeg 1280w\" sizes=\"auto, (max-width: 767px) 89vw, (max-width: 1000px) 54vw, (max-width: 1071px) 543px, 580px\" \/><\/figure>\n\n\n\n<figure class=\"wp-block-image\"><img loading=\"lazy\" decoding=\"async\" width=\"731\" height=\"801\" src=\"https:\/\/grandlodge-albania.org\/wp-content\/uploads\/2019\/03\/WhatsApp-Image-2019-03-04-at-13.09.30-2-3.jpeg\" alt=\"\" class=\"wp-image-164\" srcset=\"https:\/\/grandlodge-albania.org\/wp-content\/uploads\/2019\/03\/WhatsApp-Image-2019-03-04-at-13.09.30-2-3.jpeg 731w, https:\/\/grandlodge-albania.org\/wp-content\/uploads\/2019\/03\/WhatsApp-Image-2019-03-04-at-13.09.30-2-3-274x300.jpeg 274w\" sizes=\"auto, (max-width: 731px) 100vw, 731px\" \/><\/figure>\n\n\n\n<ul class=\"wp-block-gallery columns-3 is-cropped wp-block-gallery-1 is-layout-flex wp-block-gallery-is-layout-flex\"><li class=\"blocks-gallery-item\"><figure><img loading=\"lazy\" decoding=\"async\" width=\"950\" height=\"613\" src=\"https:\/\/grandlodge-albania.org\/wp-content\/uploads\/2019\/03\/WhatsApp-Image-2019-03-04-at-13.09.29-4.jpeg\" alt=\"\" data-id=\"165\" data-link=\"https:\/\/grandlodge-albania.org\/index.php\/konferenca-e-mjeshtrave-te-medhenj-te-amerikes-veriore\/whatsapp-image-2019-03-04-at-13-09-29-5\/\" class=\"wp-image-165\" srcset=\"https:\/\/grandlodge-albania.org\/wp-content\/uploads\/2019\/03\/WhatsApp-Image-2019-03-04-at-13.09.29-4.jpeg 950w, https:\/\/grandlodge-albania.org\/wp-content\/uploads\/2019\/03\/WhatsApp-Image-2019-03-04-at-13.09.29-4-300x194.jpeg 300w, https:\/\/grandlodge-albania.org\/wp-content\/uploads\/2019\/03\/WhatsApp-Image-2019-03-04-at-13.09.29-4-768x496.jpeg 768w\" sizes=\"auto, (max-width: 767px) 89vw, (max-width: 1000px) 54vw, (max-width: 1071px) 543px, 580px\" \/><\/figure><\/li><li class=\"blocks-gallery-item\"><figure><img loading=\"lazy\" decoding=\"async\" width=\"1024\" height=\"533\" src=\"https:\/\/grandlodge-albania.org\/wp-content\/uploads\/2019\/03\/WhatsApp-Image-2019-03-04-at-13.09.31-4-1024x533.jpeg\" alt=\"\" data-id=\"167\" data-link=\"https:\/\/grandlodge-albania.org\/index.php\/konferenca-e-mjeshtrave-te-medhenj-te-amerikes-veriore\/whatsapp-image-2019-03-04-at-13-09-31-5\/\" class=\"wp-image-167\" srcset=\"https:\/\/grandlodge-albania.org\/wp-content\/uploads\/2019\/03\/WhatsApp-Image-2019-03-04-at-13.09.31-4-1024x533.jpeg 1024w, https:\/\/grandlodge-albania.org\/wp-content\/uploads\/2019\/03\/WhatsApp-Image-2019-03-04-at-13.09.31-4-300x156.jpeg 300w, https:\/\/grandlodge-albania.org\/wp-content\/uploads\/2019\/03\/WhatsApp-Image-2019-03-04-at-13.09.31-4-768x400.jpeg 768w, https:\/\/grandlodge-albania.org\/wp-content\/uploads\/2019\/03\/WhatsApp-Image-2019-03-04-at-13.09.31-4.jpeg 1280w\" sizes=\"auto, (max-width: 767px) 89vw, (max-width: 1000px) 54vw, (max-width: 1071px) 543px, 580px\" \/><\/figure><\/li><li class=\"blocks-gallery-item\"><figure><img loading=\"lazy\" decoding=\"async\" width=\"1024\" height=\"603\" src=\"https:\/\/grandlodge-albania.org\/wp-content\/uploads\/2019\/03\/WhatsApp-Image-2019-03-04-at-13.09.29-2-3-1024x603.jpeg\" alt=\"\" data-id=\"168\" data-link=\"https:\/\/grandlodge-albania.org\/index.php\/konferenca-e-mjeshtrave-te-medhenj-te-amerikes-veriore\/whatsapp-image-2019-03-04-at-13-09-29-2-4\/\" class=\"wp-image-168\" srcset=\"https:\/\/grandlodge-albania.org\/wp-content\/uploads\/2019\/03\/WhatsApp-Image-2019-03-04-at-13.09.29-2-3-1024x603.jpeg 1024w, https:\/\/grandlodge-albania.org\/wp-content\/uploads\/2019\/03\/WhatsApp-Image-2019-03-04-at-13.09.29-2-3-300x177.jpeg 300w, https:\/\/grandlodge-albania.org\/wp-content\/uploads\/2019\/03\/WhatsApp-Image-2019-03-04-at-13.09.29-2-3-768x452.jpeg 768w, https:\/\/grandlodge-albania.org\/wp-content\/uploads\/2019\/03\/WhatsApp-Image-2019-03-04-at-13.09.29-2-3.jpeg 1280w\" sizes=\"auto, (max-width: 767px) 89vw, (max-width: 1000px) 54vw, (max-width: 1071px) 543px, 580px\" \/><\/figure><\/li><\/ul>\n","protected":false},"excerpt":{"rendered":"<p>Nga datat 16-19 Shkurt 2019 delegacioni i Lozh\u00ebs s\u00eb Madhe t\u00eb Shqip\u00ebris\u00eb, i prir\u00eb nga Mjeshtri i Madh Piro Dode mori pjes\u00eb n\u00eb Konferenc\u00ebn e Mjeshtrave t\u00eb M\u00ebdhenj t\u00eb Lozhave t\u00eb M\u00ebdha t\u00eb Amerikes Veriore. P\u00ebrvec an\u00ebtareve, n\u00eb Konferenc\u00eb mor\u00ebn pjes\u00eb dhe delegacione nga Meksika, vendet e Amerikes Latine, Afrika e Polinezia. Nga vendet e &hellip; <\/p>\n<p class=\"link-more\"><a href=\"https:\/\/grandlodge-albania.org\/index.php\/konferenca-e-mjeshtrave-te-medhenj-te-amerikes-veriore\/\" class=\"more-link\">Continue reading<span class=\"screen-reader-text\"> &#8220;Konferenca e  Mjeshtrave te Medhenj te Amerikes Veriore&#8221;<\/span><\/a><\/p>\n","protected":false},"author":1,"featured_media":0,"parent":0,"menu_order":0,"comment_status":"closed","ping_status":"closed","template":"","meta":{"footnotes":""},"class_list":["post-114","page","type-page","status-publish","hentry"],"_links":{"self":[{"href":"https:\/\/grandlodge-albania.org\/index.php\/wp-json\/wp\/v2\/pages\/114","targetHints":{"allow":["GET"]}}],"collection":[{"href":"https:\/\/grandlodge-albania.org\/index.php\/wp-json\/wp\/v2\/pages"}],"about":[{"href":"https:\/\/grandlodge-albania.org\/index.php\/wp-json\/wp\/v2\/types\/page"}],"author":[{"embeddable":true,"href":"https:\/\/grandlodge-albania.org\/index.php\/wp-json\/wp\/v2\/users\/1"}],"replies":[{"embeddable":true,"href":"https:\/\/grandlodge-albania.org\/index.php\/wp-json\/wp\/v2\/comments?post=114"}],"version-history":[{"count":5,"href":"https:\/\/grandlodge-albania.org\/index.php\/wp-json\/wp\/v2\/pages\/114\/revisions"}],"predecessor-version":[{"id":169,"href":"https:\/\/grandlodge-albania.org\/index.php\/wp-json\/wp\/v2\/pages\/114\/revisions\/169"}],"wp:attachment":[{"href":"https:\/\/grandlodge-albania.org\/index.php\/wp-json\/wp\/v2\/media?parent=114"}],"curies":[{"name":"wp","href":"https:\/\/api.w.org\/{rel}","templated":true}]}}