{"id":179,"date":"2021-04-26T18:48:20","date_gmt":"2021-04-26T18:48:20","guid":{"rendered":"https:\/\/grandlodge-albania.org\/?page_id=179"},"modified":"2021-04-26T18:48:20","modified_gmt":"2021-04-26T18:48:20","slug":"kapitulli-i-pavarur-i-ritit-te-york","status":"publish","type":"page","link":"https:\/\/grandlodge-albania.org\/index.php\/kapitulli-i-pavarur-i-ritit-te-york\/","title":{"rendered":"Kapitulli i Pavarur i Ritit t\u00eb York"},"content":{"rendered":"\n<p>T\u00eb nderuar v\u00ebllez\u00ebr, t\u00eb nderuar dashamir\u00ebs t\u00eb Lozh\u00ebs s\u00eb Madhe t\u00eb Shqip\u00ebris\u00eb, mbas nj\u00eb pune t\u00eb gjat\u00eb t\u00eb drejtuesve t\u00eb LMSH-s\u00eb dhe t\u00eb gjith\u00eb v\u00ebllez\u00ebrve. Duke punuar pa nd\u00ebrprerje dhe me rregullsi p\u00ebr t\u00eb vazhduar me ritet e perfeksionit e p\u00ebr t\u00eb p\u00ebrparuar n\u00eb rrug\u00ebn e drit\u00ebs n\u00eb Shqip\u00ebri, arrit\u00ebm t\u00eb formojm\u00eb Kapitullin e Pavarur t\u00eb Ritit t\u00eb York. Riti i York \u00ebsht\u00eb nj\u00eb bashkim i trupave t\u00eb ve\u00e7ant\u00eb masonik\u00eb dhe gradave q\u00eb shoq\u00ebrojn\u00eb k\u00ebt\u00eb rit i cili do t\u00eb funksionoj\u00eb n\u00eb m\u00ebnyr\u00eb t\u00eb pavarur. Riti York \u00ebsht\u00eb nj\u00eb trup apendant i Masoneris\u00eb n\u00eb t\u00eb cilin nj\u00eb Mjesht\u00ebr Mason mund t\u00eb bashkohet p\u00ebr t\u00eb \u00e7uar m\u00eb tej njohurit\u00eb e tij p\u00ebr Masonerin\u00eb dhe p\u00ebrsosjes s\u00eb tij dhe t\u00eb shoq\u00ebris\u00eb.Kjo \u00ebsht\u00eb padyshim nj\u00eb arritje madhe e Muratoris\u00eb s\u00eb Lir\u00eb Shqiptare.<\/p>\n\n\n\n<figure class=\"wp-block-image size-large\"><img decoding=\"async\" src=\"blob:https:\/\/grandlodge-albania.org\/e3db1733-7686-4e77-8e32-4f54ae465433\" alt=\"\"\/><\/figure>\n","protected":false},"excerpt":{"rendered":"<p>T\u00eb nderuar v\u00ebllez\u00ebr, t\u00eb nderuar dashamir\u00ebs t\u00eb Lozh\u00ebs s\u00eb Madhe t\u00eb Shqip\u00ebris\u00eb, mbas nj\u00eb pune t\u00eb gjat\u00eb t\u00eb drejtuesve t\u00eb LMSH-s\u00eb dhe t\u00eb gjith\u00eb v\u00ebllez\u00ebrve. Duke punuar pa nd\u00ebrprerje dhe me rregullsi p\u00ebr t\u00eb vazhduar me ritet e perfeksionit e p\u00ebr t\u00eb p\u00ebrparuar n\u00eb rrug\u00ebn e drit\u00ebs n\u00eb Shqip\u00ebri, arrit\u00ebm t\u00eb formojm\u00eb Kapitullin e Pavarur &hellip; <\/p>\n<p class=\"link-more\"><a href=\"https:\/\/grandlodge-albania.org\/index.php\/kapitulli-i-pavarur-i-ritit-te-york\/\" class=\"more-link\">Continue reading<span class=\"screen-reader-text\"> &#8220;Kapitulli i Pavarur i Ritit t\u00eb York&#8221;<\/span><\/a><\/p>\n","protected":false},"author":1,"featured_media":0,"parent":0,"menu_order":0,"comment_status":"closed","ping_status":"closed","template":"","meta":{"footnotes":""},"class_list":["post-179","page","type-page","status-publish","hentry"],"_links":{"self":[{"href":"https:\/\/grandlodge-albania.org\/index.php\/wp-json\/wp\/v2\/pages\/179","targetHints":{"allow":["GET"]}}],"collection":[{"href":"https:\/\/grandlodge-albania.org\/index.php\/wp-json\/wp\/v2\/pages"}],"about":[{"href":"https:\/\/grandlodge-albania.org\/index.php\/wp-json\/wp\/v2\/types\/page"}],"author":[{"embeddable":true,"href":"https:\/\/grandlodge-albania.org\/index.php\/wp-json\/wp\/v2\/users\/1"}],"replies":[{"embeddable":true,"href":"https:\/\/grandlodge-albania.org\/index.php\/wp-json\/wp\/v2\/comments?post=179"}],"version-history":[{"count":1,"href":"https:\/\/grandlodge-albania.org\/index.php\/wp-json\/wp\/v2\/pages\/179\/revisions"}],"predecessor-version":[{"id":181,"href":"https:\/\/grandlodge-albania.org\/index.php\/wp-json\/wp\/v2\/pages\/179\/revisions\/181"}],"wp:attachment":[{"href":"https:\/\/grandlodge-albania.org\/index.php\/wp-json\/wp\/v2\/media?parent=179"}],"curies":[{"name":"wp","href":"https:\/\/api.w.org\/{rel}","templated":true}]}}