{"id":184,"date":"2021-04-26T18:51:35","date_gmt":"2021-04-26T18:51:35","guid":{"rendered":"https:\/\/grandlodge-albania.org\/?page_id=184"},"modified":"2021-04-26T18:51:35","modified_gmt":"2021-04-26T18:51:35","slug":"korespondenca","status":"publish","type":"page","link":"https:\/\/grandlodge-albania.org\/index.php\/korespondenca\/","title":{"rendered":"Korespondenca"},"content":{"rendered":"\n<p>K\u00ebtu do t\u00eb gjeni korespondencat me Lozhat e M\u00ebdha dhe LMSH-s\u00eb<\/p>\n\n\n\n<p><\/p>\n","protected":false},"excerpt":{"rendered":"<p>K\u00ebtu do t\u00eb gjeni korespondencat me Lozhat e M\u00ebdha dhe LMSH-s\u00eb<\/p>\n","protected":false},"author":1,"featured_media":0,"parent":0,"menu_order":0,"comment_status":"closed","ping_status":"closed","template":"","meta":{"footnotes":""},"class_list":["post-184","page","type-page","status-publish","hentry"],"_links":{"self":[{"href":"https:\/\/grandlodge-albania.org\/index.php\/wp-json\/wp\/v2\/pages\/184","targetHints":{"allow":["GET"]}}],"collection":[{"href":"https:\/\/grandlodge-albania.org\/index.php\/wp-json\/wp\/v2\/pages"}],"about":[{"href":"https:\/\/grandlodge-albania.org\/index.php\/wp-json\/wp\/v2\/types\/page"}],"author":[{"embeddable":true,"href":"https:\/\/grandlodge-albania.org\/index.php\/wp-json\/wp\/v2\/users\/1"}],"replies":[{"embeddable":true,"href":"https:\/\/grandlodge-albania.org\/index.php\/wp-json\/wp\/v2\/comments?post=184"}],"version-history":[{"count":1,"href":"https:\/\/grandlodge-albania.org\/index.php\/wp-json\/wp\/v2\/pages\/184\/revisions"}],"predecessor-version":[{"id":185,"href":"https:\/\/grandlodge-albania.org\/index.php\/wp-json\/wp\/v2\/pages\/184\/revisions\/185"}],"wp:attachment":[{"href":"https:\/\/grandlodge-albania.org\/index.php\/wp-json\/wp\/v2\/media?parent=184"}],"curies":[{"name":"wp","href":"https:\/\/api.w.org\/{rel}","templated":true}]}}