{"id":188,"date":"2021-04-26T18:59:37","date_gmt":"2021-04-26T18:59:37","guid":{"rendered":"https:\/\/grandlodge-albania.org\/?page_id=188"},"modified":"2021-04-26T18:59:37","modified_gmt":"2021-04-26T18:59:37","slug":"leter-ngushellimi","status":"publish","type":"page","link":"https:\/\/grandlodge-albania.org\/index.php\/leter-ngushellimi\/","title":{"rendered":"Let\u00ebr ngush\u00ebllimi"},"content":{"rendered":"\n<p>Letra e d\u00ebrguar nga Sekretari i Madh p\u00ebr llogari t\u00eb Mjeshtrit t\u00eb madh UGLE-s<\/p>\n\n\n\n<p>Dear Madam,<\/p>\n\n\n\n<p>Hope my mail will find you well.<br>Please find attached the letter sent from M:.W:. Bro:. Piro DODE, Grand Master of the Grand Lodge of Albania, to V:.W:. Bro:. Paul Engeham, Grand Chancellor of the United Grand Lodge of England.<br>I remain at your disposal.<\/p>\n\n\n\n<p>Best Regards<\/p>\n\n\n\n<figure class=\"wp-block-image size-large\"><img loading=\"lazy\" decoding=\"async\" width=\"724\" height=\"1024\" src=\"https:\/\/grandlodge-albania.org\/wp-content\/uploads\/2021\/04\/leterngushellimi-01-724x1024.png\" alt=\"\" class=\"wp-image-189\" srcset=\"https:\/\/grandlodge-albania.org\/wp-content\/uploads\/2021\/04\/leterngushellimi-01-724x1024.png 724w, https:\/\/grandlodge-albania.org\/wp-content\/uploads\/2021\/04\/leterngushellimi-01-212x300.png 212w, https:\/\/grandlodge-albania.org\/wp-content\/uploads\/2021\/04\/leterngushellimi-01-768x1086.png 768w, https:\/\/grandlodge-albania.org\/wp-content\/uploads\/2021\/04\/leterngushellimi-01-1086x1536.png 1086w, https:\/\/grandlodge-albania.org\/wp-content\/uploads\/2021\/04\/leterngushellimi-01-1448x2048.png 1448w\" sizes=\"auto, (max-width: 724px) 100vw, 724px\" \/><\/figure>\n","protected":false},"excerpt":{"rendered":"<p>Letra e d\u00ebrguar nga Sekretari i Madh p\u00ebr llogari t\u00eb Mjeshtrit t\u00eb madh UGLE-s Dear Madam, Hope my mail will find you well.Please find attached the letter sent from M:.W:. Bro:. Piro DODE, Grand Master of the Grand Lodge of Albania, to V:.W:. Bro:. Paul Engeham, Grand Chancellor of the United Grand Lodge of England.I &hellip; <\/p>\n<p class=\"link-more\"><a href=\"https:\/\/grandlodge-albania.org\/index.php\/leter-ngushellimi\/\" class=\"more-link\">Continue reading<span class=\"screen-reader-text\"> &#8220;Let\u00ebr ngush\u00ebllimi&#8221;<\/span><\/a><\/p>\n","protected":false},"author":1,"featured_media":0,"parent":0,"menu_order":0,"comment_status":"closed","ping_status":"closed","template":"","meta":{"footnotes":""},"class_list":["post-188","page","type-page","status-publish","hentry"],"_links":{"self":[{"href":"https:\/\/grandlodge-albania.org\/index.php\/wp-json\/wp\/v2\/pages\/188","targetHints":{"allow":["GET"]}}],"collection":[{"href":"https:\/\/grandlodge-albania.org\/index.php\/wp-json\/wp\/v2\/pages"}],"about":[{"href":"https:\/\/grandlodge-albania.org\/index.php\/wp-json\/wp\/v2\/types\/page"}],"author":[{"embeddable":true,"href":"https:\/\/grandlodge-albania.org\/index.php\/wp-json\/wp\/v2\/users\/1"}],"replies":[{"embeddable":true,"href":"https:\/\/grandlodge-albania.org\/index.php\/wp-json\/wp\/v2\/comments?post=188"}],"version-history":[{"count":1,"href":"https:\/\/grandlodge-albania.org\/index.php\/wp-json\/wp\/v2\/pages\/188\/revisions"}],"predecessor-version":[{"id":190,"href":"https:\/\/grandlodge-albania.org\/index.php\/wp-json\/wp\/v2\/pages\/188\/revisions\/190"}],"wp:attachment":[{"href":"https:\/\/grandlodge-albania.org\/index.php\/wp-json\/wp\/v2\/media?parent=188"}],"curies":[{"name":"wp","href":"https:\/\/api.w.org\/{rel}","templated":true}]}}