{"id":197,"date":"2021-04-26T19:49:01","date_gmt":"2021-04-26T19:49:01","guid":{"rendered":"https:\/\/grandlodge-albania.org\/?page_id=197"},"modified":"2021-04-26T19:49:01","modified_gmt":"2021-04-26T19:49:01","slug":"world-conference-of-regular-masonic-grand-lodges","status":"publish","type":"page","link":"https:\/\/grandlodge-albania.org\/index.php\/world-conference-of-regular-masonic-grand-lodges\/","title":{"rendered":"WORLD CONFERENCE OF REGULAR MASONIC GRAND LODGES"},"content":{"rendered":"\n<p>Shqip\u00ebria ftohet n\u00eb Konferenc\u00ebn Bot\u00ebrore t\u00eb Lozhave t\u00eb M\u00ebdha t\u00eb Rregullta<\/p>\n\n\n\n<figure class=\"wp-block-image size-large\"><img loading=\"lazy\" decoding=\"async\" width=\"700\" height=\"242\" src=\"https:\/\/grandlodge-albania.org\/wp-content\/uploads\/2021\/04\/E_07072020Mail.jpg\" alt=\"\" class=\"wp-image-198\" srcset=\"https:\/\/grandlodge-albania.org\/wp-content\/uploads\/2021\/04\/E_07072020Mail.jpg 700w, https:\/\/grandlodge-albania.org\/wp-content\/uploads\/2021\/04\/E_07072020Mail-300x104.jpg 300w\" sizes=\"auto, (max-width: 700px) 100vw, 700px\" \/><\/figure>\n\n\n\n<p>Most Worshipful Grand Masters,<br>dear Brethren all, \u00a0\u00a0<\/p>\n\n\n\n<p>our world has suddenly awakened from the deep sleep of wellbeing, perceived security and indifference. Covid-19 has been paralyzing our entire social and economic fabric and standards for almost a year.<\/p>\n\n\n\n<p>But that is no reason to resign. A new start-up era has dawned. We need new courage and new ideas on which our future can be based again. Doing nothing may also be a decision, but rarely a good one.<\/p>\n\n\n\n<p>Although we still live in times of restrictions, limitations and new circumstances of life, freemasonry is developing and changes are much quicker than ever expected.<\/p>\n\n\n\n<p>There is no time to wait for what might happen in the world and our societies. It is time to lead freemasonry into the future. Our Grand Lodges need to adapt to this new future and should exchange our ideas and theories and put these into practise as soon as possible.<\/p>\n\n\n\n<p>In a year from now we hope and expect the world to be back to a kind of normality and BERLIN will be the best opportunity to restart and proceed.<\/p>\n\n\n\n<p>The<br><strong>WORLD CONFERENCE OF REGULAR MASONIC GRAND LODGES<\/strong><br>is about to take place in Berlin (Germany) from<br><strong>17th to 20th November 2021<\/strong>.<br>The Agenda will end with the ritual installation of the new<br>Grand Master of the United Grand Lodges of Germany<br>on Sunday, the 21st of November<\/p>\n","protected":false},"excerpt":{"rendered":"<p>Shqip\u00ebria ftohet n\u00eb Konferenc\u00ebn Bot\u00ebrore t\u00eb Lozhave t\u00eb M\u00ebdha t\u00eb Rregullta Most Worshipful Grand Masters,dear Brethren all, \u00a0\u00a0 our world has suddenly awakened from the deep sleep of wellbeing, perceived security and indifference. Covid-19 has been paralyzing our entire social and economic fabric and standards for almost a year. But that is no reason to &hellip; <\/p>\n<p class=\"link-more\"><a href=\"https:\/\/grandlodge-albania.org\/index.php\/world-conference-of-regular-masonic-grand-lodges\/\" class=\"more-link\">Continue reading<span class=\"screen-reader-text\"> &#8220;WORLD CONFERENCE OF REGULAR MASONIC GRAND LODGES&#8221;<\/span><\/a><\/p>\n","protected":false},"author":1,"featured_media":0,"parent":0,"menu_order":0,"comment_status":"closed","ping_status":"closed","template":"","meta":{"footnotes":""},"class_list":["post-197","page","type-page","status-publish","hentry"],"_links":{"self":[{"href":"https:\/\/grandlodge-albania.org\/index.php\/wp-json\/wp\/v2\/pages\/197","targetHints":{"allow":["GET"]}}],"collection":[{"href":"https:\/\/grandlodge-albania.org\/index.php\/wp-json\/wp\/v2\/pages"}],"about":[{"href":"https:\/\/grandlodge-albania.org\/index.php\/wp-json\/wp\/v2\/types\/page"}],"author":[{"embeddable":true,"href":"https:\/\/grandlodge-albania.org\/index.php\/wp-json\/wp\/v2\/users\/1"}],"replies":[{"embeddable":true,"href":"https:\/\/grandlodge-albania.org\/index.php\/wp-json\/wp\/v2\/comments?post=197"}],"version-history":[{"count":1,"href":"https:\/\/grandlodge-albania.org\/index.php\/wp-json\/wp\/v2\/pages\/197\/revisions"}],"predecessor-version":[{"id":199,"href":"https:\/\/grandlodge-albania.org\/index.php\/wp-json\/wp\/v2\/pages\/197\/revisions\/199"}],"wp:attachment":[{"href":"https:\/\/grandlodge-albania.org\/index.php\/wp-json\/wp\/v2\/media?parent=197"}],"curies":[{"name":"wp","href":"https:\/\/api.w.org\/{rel}","templated":true}]}}