{"id":202,"date":"2021-04-26T20:01:27","date_gmt":"2021-04-26T20:01:27","guid":{"rendered":"https:\/\/grandlodge-albania.org\/?page_id=202"},"modified":"2021-04-26T20:01:27","modified_gmt":"2021-04-26T20:01:27","slug":"konferenca-e-sekretareve-te-medhenj","status":"publish","type":"page","link":"https:\/\/grandlodge-albania.org\/index.php\/konferenca-e-sekretareve-te-medhenj\/","title":{"rendered":"Konferenca e Sekretar\u00ebve t\u00eb M\u00ebdhenj"},"content":{"rendered":"\n<p>Shqip\u00ebria ftohet n\u00eb Konferenc\u00ebn Evropiane t\u00eb Sekretar\u00ebve t\u00eb M\u00ebdhenj n\u00eb Bukuresht<\/p>\n\n\n\n<figure class=\"wp-block-image size-large\"><img loading=\"lazy\" decoding=\"async\" width=\"724\" height=\"1024\" src=\"https:\/\/grandlodge-albania.org\/wp-content\/uploads\/2021\/04\/EGSE-01-724x1024.png\" alt=\"\" class=\"wp-image-203\" srcset=\"https:\/\/grandlodge-albania.org\/wp-content\/uploads\/2021\/04\/EGSE-01-724x1024.png 724w, https:\/\/grandlodge-albania.org\/wp-content\/uploads\/2021\/04\/EGSE-01-212x300.png 212w, https:\/\/grandlodge-albania.org\/wp-content\/uploads\/2021\/04\/EGSE-01-768x1086.png 768w, https:\/\/grandlodge-albania.org\/wp-content\/uploads\/2021\/04\/EGSE-01-1086x1536.png 1086w, https:\/\/grandlodge-albania.org\/wp-content\/uploads\/2021\/04\/EGSE-01-1448x2048.png 1448w\" sizes=\"auto, (max-width: 724px) 100vw, 724px\" \/><\/figure>\n","protected":false},"excerpt":{"rendered":"<p>Shqip\u00ebria ftohet n\u00eb Konferenc\u00ebn Evropiane t\u00eb Sekretar\u00ebve t\u00eb M\u00ebdhenj n\u00eb Bukuresht<\/p>\n","protected":false},"author":1,"featured_media":0,"parent":0,"menu_order":0,"comment_status":"closed","ping_status":"closed","template":"","meta":{"footnotes":""},"class_list":["post-202","page","type-page","status-publish","hentry"],"_links":{"self":[{"href":"https:\/\/grandlodge-albania.org\/index.php\/wp-json\/wp\/v2\/pages\/202","targetHints":{"allow":["GET"]}}],"collection":[{"href":"https:\/\/grandlodge-albania.org\/index.php\/wp-json\/wp\/v2\/pages"}],"about":[{"href":"https:\/\/grandlodge-albania.org\/index.php\/wp-json\/wp\/v2\/types\/page"}],"author":[{"embeddable":true,"href":"https:\/\/grandlodge-albania.org\/index.php\/wp-json\/wp\/v2\/users\/1"}],"replies":[{"embeddable":true,"href":"https:\/\/grandlodge-albania.org\/index.php\/wp-json\/wp\/v2\/comments?post=202"}],"version-history":[{"count":1,"href":"https:\/\/grandlodge-albania.org\/index.php\/wp-json\/wp\/v2\/pages\/202\/revisions"}],"predecessor-version":[{"id":204,"href":"https:\/\/grandlodge-albania.org\/index.php\/wp-json\/wp\/v2\/pages\/202\/revisions\/204"}],"wp:attachment":[{"href":"https:\/\/grandlodge-albania.org\/index.php\/wp-json\/wp\/v2\/media?parent=202"}],"curies":[{"name":"wp","href":"https:\/\/api.w.org\/{rel}","templated":true}]}}