{"id":6,"date":"2017-03-29T11:07:29","date_gmt":"2017-03-29T11:07:29","guid":{"rendered":"http:\/\/grandlodge-albania.org\/?page_id=6"},"modified":"2024-07-07T16:50:21","modified_gmt":"2024-07-07T16:50:21","slug":"home","status":"publish","type":"page","link":"https:\/\/grandlodge-albania.org\/","title":{"rendered":"Mir\u00eb se Vini"},"content":{"rendered":"<p>I nderuar vizitor,<\/p>\n<p>Kjo \u00ebsht\u00eb faqja zyrtare e Lozh\u00ebs s\u00eb Madhe t\u00eb Shqip\u00ebris\u00eb, i vetmi organiz\u00ebm masonik i rregullt n\u00eb territorin e Republik\u00ebs s\u00eb Shqip\u00ebris\u00eb.<\/p>\n<p>N\u00eb k\u00ebt\u00eb faqe do t\u00eb gjeni nj\u00eb informacion modest p\u00ebr q\u00ebllimet dhe funksionimin e masoneris\u00eb n\u00eb p\u00ebrgjith\u00ebsi dhe t\u00eb asaj shqiptare n\u00eb ve\u00e7anti.<\/p>\n<p>Ne d\u00ebshirojm\u00eb q\u00eb n\u00ebp\u00ebmjet k\u00ebsaj faqeje t\u00eb jemi n\u00eb kontakt me ata q\u00eb nuk jan\u00eb pjes\u00eb e jona por q\u00eb kan\u00eb vullnetin dhe d\u00ebshir\u00ebn p\u00ebr t\u00eb bashkuar kontributin e tyre me t\u00eb gjith\u00eb ata q\u00eb mendojn\u00eb e punojn\u00eb p\u00ebr nj\u00eb shoq\u00ebri t\u00eb bazuar n\u00eb vlerat njer\u00ebzore: lirin\u00eb, toleranc\u00ebn, respektin dhe ndihm\u00ebn p\u00ebr njeri tjetrin.<\/p>\n<p>Ju faleminderit q\u00eb vizituat faqen zyrtare t\u00eb Lozh\u00ebs s\u00eb Madhe t\u00eb Shqiperis\u00eb.<\/p>\n\n\n<p class=\"has-medium-font-size\"><strong>Mjeshtri i Madh i P\u00ebrnderuar i Lozh\u00ebs s\u00eb Madhe t\u00eb Shqip\u00ebris\u00eb<\/strong><\/p>\n\n\n<h1><img loading=\"lazy\" decoding=\"async\" class=\"wp-image-227  aligncenter\" src=\"https:\/\/grandlodge-albania.org\/wp-content\/uploads\/2024\/06\/PHOTO-2024-06-07-14-53-15-OK-Web-Smal-742x1024.jpg\" alt=\"\" width=\"663\" height=\"915\" srcset=\"https:\/\/grandlodge-albania.org\/wp-content\/uploads\/2024\/06\/PHOTO-2024-06-07-14-53-15-OK-Web-Smal-742x1024.jpg 742w, https:\/\/grandlodge-albania.org\/wp-content\/uploads\/2024\/06\/PHOTO-2024-06-07-14-53-15-OK-Web-Smal-217x300.jpg 217w, https:\/\/grandlodge-albania.org\/wp-content\/uploads\/2024\/06\/PHOTO-2024-06-07-14-53-15-OK-Web-Smal-768x1060.jpg 768w, https:\/\/grandlodge-albania.org\/wp-content\/uploads\/2024\/06\/PHOTO-2024-06-07-14-53-15-OK-Web-Smal.jpg 1043w\" sizes=\"auto, (max-width: 663px) 100vw, 663px\" \/><\/h1>\n<\/p>\n\n\n<p>V\u00eblla Aleko POSHNJARI \u00ebsht\u00eb nder themeluesit e masoneris\u00eb se lir\u00eb dhe t\u00eb pranuar ne vendin tone. Ai ka nj\u00eb p\u00ebrvoj\u00eb te gjat\u00eb n\u00eb krijimin e institucionit te LMSH n\u00eb Shqip\u00ebri dhe ka sh\u00ebrbyer me devotshm\u00ebri, p\u00ebrkushtim dhe p\u00ebrul\u00ebsi n\u00eb shum\u00eb pozicione t\u00eb r\u00ebnd\u00ebsishme disa nga te cilat si me posht\u00eb: <\/p>\n\n\n\n<ul class=\"wp-block-list\">\n<li> Mjesht\u00ebr i nderuar i Lozh\u00ebs Detyrat e Lashta Nr. 3&nbsp; Orienti I Tiran\u00ebs p\u00ebr nj\u00eb periudh\u00eb gjasht\u00eb vje\u00e7are.<\/li>\n\n\n\n<li>An\u00ebtar i Kryesis\u00eb se LMSH p\u00ebr nj\u00eb periudh\u00eb gjasht\u00eb vje\u00e7are.<\/li>\n\n\n\n<li>Prift i Madh i Ritit t\u00eb Yorkut.<\/li>\n<\/ul>\n\n\n\n<p><strong>MMP<\/strong> ka qen\u00eb gjithashtu i angazhuar dhe n\u00eb krijimin e Ritit Skocez Shqiptar dhe \u00ebsht\u00eb gjithashtu ambasador i Ritit te Yorkut p\u00ebr Shqip\u00ebrin\u00eb. Ai ka qene i p\u00ebrfshir\u00eb n\u00eb shum\u00eb projekte dhe ka qene pjese e shume delegacioneve te LMSH n\u00eb takimet dhe konferencat nd\u00ebrkomb\u00ebtare ku \u00ebsht\u00eb p\u00ebrfaq\u00ebsuar LMSH.<\/p>\n\n\n\n<p><strong>MMP,<\/strong> v\u00eblla Aleko Poshnjari \u00ebsht\u00eb me profesion arkitekt. Ai ka mbuluar detyra te ndryshme ne institucionet publike lokale dhe  qendrore dhe aktualisht \u00ebsht\u00eb ne pension.<\/p>\n\n\n\n<p>Ai \u00ebsht\u00eb i martuar dhe ka dy f\u00ebmij\u00eb.<\/p>\n","protected":false},"excerpt":{"rendered":"<p>I nderuar vizitor, Kjo \u00ebsht\u00eb faqja zyrtare e Lozh\u00ebs s\u00eb Madhe t\u00eb Shqip\u00ebris\u00eb, i vetmi organiz\u00ebm masonik i rregullt n\u00eb territorin e Republik\u00ebs s\u00eb Shqip\u00ebris\u00eb. N\u00eb k\u00ebt\u00eb faqe do t\u00eb gjeni nj\u00eb informacion modest p\u00ebr q\u00ebllimet dhe funksionimin e masoneris\u00eb n\u00eb p\u00ebrgjith\u00ebsi dhe t\u00eb asaj shqiptare n\u00eb ve\u00e7anti. Ne d\u00ebshirojm\u00eb q\u00eb n\u00ebp\u00ebmjet k\u00ebsaj faqeje t\u00eb &hellip; <\/p>\n<p class=\"link-more\"><a href=\"https:\/\/grandlodge-albania.org\/\" class=\"more-link\">Continue reading<span class=\"screen-reader-text\"> &#8220;Mir\u00eb se Vini&#8221;<\/span><\/a><\/p>\n","protected":false},"author":1,"featured_media":0,"parent":0,"menu_order":0,"comment_status":"closed","ping_status":"closed","template":"","meta":{"footnotes":""},"class_list":["post-6","page","type-page","status-publish","hentry"],"_links":{"self":[{"href":"https:\/\/grandlodge-albania.org\/index.php\/wp-json\/wp\/v2\/pages\/6","targetHints":{"allow":["GET"]}}],"collection":[{"href":"https:\/\/grandlodge-albania.org\/index.php\/wp-json\/wp\/v2\/pages"}],"about":[{"href":"https:\/\/grandlodge-albania.org\/index.php\/wp-json\/wp\/v2\/types\/page"}],"author":[{"embeddable":true,"href":"https:\/\/grandlodge-albania.org\/index.php\/wp-json\/wp\/v2\/users\/1"}],"replies":[{"embeddable":true,"href":"https:\/\/grandlodge-albania.org\/index.php\/wp-json\/wp\/v2\/comments?post=6"}],"version-history":[{"count":10,"href":"https:\/\/grandlodge-albania.org\/index.php\/wp-json\/wp\/v2\/pages\/6\/revisions"}],"predecessor-version":[{"id":237,"href":"https:\/\/grandlodge-albania.org\/index.php\/wp-json\/wp\/v2\/pages\/6\/revisions\/237"}],"wp:attachment":[{"href":"https:\/\/grandlodge-albania.org\/index.php\/wp-json\/wp\/v2\/media?parent=6"}],"curies":[{"name":"wp","href":"https:\/\/api.w.org\/{rel}","templated":true}]}}